{"id":25059,"date":"2024-04-26T07:35:07","date_gmt":"2024-04-26T06:35:07","guid":{"rendered":"https:\/\/davroe.sk\/?post_type=product&#038;p=25059"},"modified":"2025-10-16T05:05:40","modified_gmt":"2025-10-16T04:05:40","slug":"davroe-chroma-pure-platinum","status":"publish","type":"product","link":"https:\/\/davroe.sk\/sk\/shop\/chroma\/chroma-toners\/davroe-chroma-pure-platinum\/","title":{"rendered":"Pure Platinum Colour Treatment T\u00f3novacia k\u00fara s farebn\u00fdmi pigmentmi"},"content":{"rendered":"<h2><strong>Davroe Chroma\u00a0<b>\u010cist\u00fd platinov\u00fd toner<\/b><\/strong><\/h2>\n<h2><strong>Hydrata\u010dn\u00e1 farebn\u00e1 \u00faprava na neutraliz\u00e1ciu mosadzn\u00fdch \u017elt\u00fdch t\u00f3nov<\/p>\n<p><\/strong><\/h2>\n<p>Obohaten\u00fd o extrakt Jacardanda, tento \u010dist\u00fd Platinum Chroma toner eliminuje siln\u00e9 \u017elt\u00e9, zlat\u00e9 a mosadzn\u00e9 t\u00f3ny z blond vlasov. Obsahuje koncentrovan\u00e9 modro-fialov\u00e9 pigmenty, Pure Platinum t\u00f3ny blond vlasy vytvori\u0165 chladn\u00e9, platina \/ striebro odr\u00e1\u017ea na pre-osvetlen\u00e9 blond vlasy. Zlep\u0161uje pevnos\u0165 vlasov a z\u00e1rove\u0148 dod\u00e1va vlhkos\u0165, zanech\u00e1va vlasy vy\u017eiven\u00e9 a revitalizovan\u00e9.<\/p>\n<p>Zlep\u0161uje pevnos\u0165 vlasov a z\u00e1rove\u0148 prid\u00e1va vlhkos\u0165. Obsahuje pr\u00edrodn\u00e9 rastlinn\u00e9 a kvetinov\u00e9 extrakty. 100% Veg\u00e1nsky priate\u013esk\u00fd. 100% Austr\u00e1l\u010dan vyroben\u00fd a vlastnen\u00fd. Komplexn\u00e1 ochrana farieb \u2013 ochrana farieb. Jemn\u00e9 na vlasy a poko\u017eku hlavy. L\u00e1skav\u00fd k \u017eivotn\u00e9mu prostrediu.<\/p>\n<h3><strong>Ako pou\u017e\u00edva\u0165 Chroma Pure Platinum Toner<\/p>\n<p><\/strong><\/h3>\n<p>Po umyt\u00ed vlasov \u0161amp\u00f3nom <a href=\"https:\/\/www.davroe.com\/shop\/remedy\/clarify-deep-cleansing-shampoo-200ml\/\" target=\"_blank\" rel=\"noopener noreferrer\">Davroe Clarify \u0160amp\u00f3n na h\u013abkov\u00e9 \u010distenie<\/a>o, stla\u010di\u0165 vlasy odstr\u00e1ni\u0165 prebyto\u010dn\u00fa vodu, alebo, pre najlep\u0161ie v\u00fdsledky, uter\u00e1k such\u00e9. Na rezan\u00e9 vlasy naneste rovnomerne a vo\u013ene, d\u00f4kladne po\u0165ahujte a pracujte od kore\u0148ov a\u017e po konce. Nechajte na vlasoch po dobu 3-7 min\u00fat. Opl\u00e1chnite a sledujte svoj ob\u013e\u00faben\u00fd kondicion\u00e9r Davroe.<\/p>\n<h3><strong>Pr\u00edroda akt\u00edvna \u2013 extrakt z Jacarandy<\/strong><\/h3>\n<p>T\u00e1to Chroma obsahuje extrakt Jacaranda, ktor\u00fd sa via\u017ee na vlasov\u00fa kutikulu, aby chr\u00e1nil pramene, pom\u00e1ha opravi\u0165 a uzamkn\u00fa\u0165 farbu pre silnej\u0161iu a dlh\u0161ie trvaj\u00facu sal\u00f3nov\u00fa povrchov\u00fa \u00fapravu.<\/p>\n<p>V\u00f4\u0148a \u2013 Kuzu odstr\u00e1ni siln\u00e9 \u017elt\u00e9, zlat\u00e9 a mosadzn\u00e9 t\u00f3ny z blond vlasov. Obsahuje koncentrovan\u00e9 modro-fialov\u00e9 pigmenty, Pure Platinum t\u00f3ny blond vlasy vytvori\u0165 chladn\u00e9, platina \/ striebro odr\u00e1\u017ea na pre-osvetlen\u00e9 blond vlasy. Zlep\u0161uje pevnos\u0165 vlasov a z\u00e1rove\u0148 dod\u00e1va vlhkos\u0165, zanech\u00e1va vlasy vy\u017eiven\u00e9 a revitalizovan\u00e9.<\/p>\n<p>&nbsp;<\/p>\n<p><img loading=\"lazy\" decoding=\"async\" class=\"aligncenter wp-image-29501 size-full\" src=\"https:\/\/www.davroe.com\/wp-content\/uploads\/2021\/08\/Davroe-Chroma-Toner-Pure-Platinum-200ml-group-3461-1080x1080-1.jpg\" alt=\"Davroe-Chroma-Toner-Pure-Platinum-200ml-group-3461-1080x1080\" width=\"1080\" height=\"1080\" \/> <img loading=\"lazy\" decoding=\"async\" class=\"aligncenter wp-image-29500 size-full\" src=\"https:\/\/www.davroe.com\/wp-content\/uploads\/2021\/08\/Davroe-Chroma-Toner-Pure-Platinum-200ml-Box-3461-1080x1080-1.png\" alt=\"Davroe-Chroma-Toner-Pure-Platinum-200ml-Box-3461-1080x1080\" width=\"2000\" height=\"2000\" \/><img loading=\"lazy\" decoding=\"async\" class=\"aligncenter wp-image-29499 size-full\" src=\"https:\/\/www.davroe.com\/wp-content\/uploads\/2021\/08\/Davroe-Chroma-Toner-Pure-Platinum-200ml-3461-1080x1080-1.png\" alt=\"Davroe-Chroma-Toner-Pure-Platinum-200ml-3461-1080x1080\" width=\"2000\" height=\"2000\" \/><\/p>\n<p>&nbsp;<\/p>\n<p>&nbsp;<\/p>\n<p>&nbsp;<\/p>","protected":false},"excerpt":{"rendered":"<h2><strong>Davroe Chroma\u00a0<b>\u010cist\u00fd platinov\u00fd toner<\/b><\/strong><\/h2>\n<h3><strong>Hydrata\u010dn\u00e1 farebn\u00e1 \u00faprava na neutraliz\u00e1ciu mosadzn\u00fdch \u017elt\u00fdch t\u00f3nov<\/strong><\/h3>\n<ul>\n<li>Obsahuj\u00fa austr\u00e1lsku pr\u00edrodn\u00fa rastlinu &amp; v\u00fd\u0165a\u017eky z kvetov<\/li>\n<li>Farebn\u00e1 \u00faprava bohat\u00e1 na vlhkos\u0165, formulovan\u00e1 tak, aby jemne ukladala pigment na vlasy<\/li>\n<li>Chroma inf\u00fazie ka\u017ed\u00fd prame\u0148 s podporou hydrat\u00e1cie, ktor\u00e9 pom\u00e1haj\u00fa obnovi\u0165 vlhkos\u0165 zanech\u00e1va vlasy v lep\u0161om stave ako pred aplik\u00e1ciou<\/li>\n<li>Bez obsahu silik\u00f3nu<\/li>\n<li>Sulf\u00e1t &amp; Paraben zadarmo<\/li>\n<li>Farebn\u00e1 ochrana komplex<\/li>\n<\/ul>","protected":false},"featured_media":25162,"comment_status":"open","ping_status":"closed","template":"","meta":{"_acf_changed":false},"product_brand":[],"product_cat":[28,30],"product_tag":[108,109],"class_list":{"0":"post-25059","1":"product","2":"type-product","3":"status-publish","4":"has-post-thumbnail","6":"product_cat-chroma","7":"product_cat-chroma-toners","8":"product_tag-chroma","9":"product_tag-toner","10":"description-off","12":"first","13":"instock","14":"featured","15":"taxable","16":"shipping-taxable","17":"purchasable","18":"product-type-simple"},"acf":[],"_links":{"self":[{"href":"https:\/\/davroe.sk\/sk\/wp-json\/wp\/v2\/product\/25059","targetHints":{"allow":["GET"]}}],"collection":[{"href":"https:\/\/davroe.sk\/sk\/wp-json\/wp\/v2\/product"}],"about":[{"href":"https:\/\/davroe.sk\/sk\/wp-json\/wp\/v2\/types\/product"}],"replies":[{"embeddable":true,"href":"https:\/\/davroe.sk\/sk\/wp-json\/wp\/v2\/comments?post=25059"}],"wp:featuredmedia":[{"embeddable":true,"href":"https:\/\/davroe.sk\/sk\/wp-json\/wp\/v2\/media\/25162"}],"wp:attachment":[{"href":"https:\/\/davroe.sk\/sk\/wp-json\/wp\/v2\/media?parent=25059"}],"wp:term":[{"taxonomy":"product_brand","embeddable":true,"href":"https:\/\/davroe.sk\/sk\/wp-json\/wp\/v2\/product_brand?post=25059"},{"taxonomy":"product_cat","embeddable":true,"href":"https:\/\/davroe.sk\/sk\/wp-json\/wp\/v2\/product_cat?post=25059"},{"taxonomy":"product_tag","embeddable":true,"href":"https:\/\/davroe.sk\/sk\/wp-json\/wp\/v2\/product_tag?post=25059"}],"curies":[{"name":"wp","href":"https:\/\/api.w.org\/{rel}","templated":true}]}}