{"id":25060,"date":"2024-04-26T07:35:07","date_gmt":"2024-04-26T06:35:07","guid":{"rendered":"https:\/\/davroe.sk\/?post_type=product&#038;p=25060"},"modified":"2025-10-16T05:05:40","modified_gmt":"2025-10-16T04:05:40","slug":"davroe-chroma-cherry-red","status":"publish","type":"product","link":"https:\/\/davroe.sk\/sk\/shop\/chroma\/chroma-toners\/davroe-chroma-cherry-red\/","title":{"rendered":"Cherry Red Colour Treatment T\u00f3novacia k\u00fara s farebn\u00fdmi pigmentmi"},"content":{"rendered":"<h2><strong>Davroe Chroma <b>\u010cere\u0161\u0148ov\u00fd \u010derven\u00fd toner<\/b><\/strong><\/h2>\n<h2><strong>Hydrata\u010dn\u00e1 farebn\u00e1 \u00faprava na zintenz\u00edvnenie &amp; zv\u00fd\u0161enie prirodzen\u00e9ho &amp; farebn\u00e9 \u010derven\u00e9 vlasy.<\/strong><\/h2>\n<p>Chroma Toners \u2013 Cherry Red T\u00e1to Cherry Red Chroma znovu prebud\u00ed vyblednut\u00e9 \u010derven\u00e9 vlasy s hlbok\u00fdmi \u017eiariv\u00fdmi \u010derven\u00fdmi odtie\u0148mi. Obsahuje v\u00fd\u0165a\u017eok z \u010dere\u0161ne, t\u00e1to Chroma pom\u00e1ha udr\u017ea\u0165 a zlep\u0161i\u0165 \u010derven\u00fa farbu vlasov prirodzene. Farba zost\u00e1va \u017eiariv\u00e1 a kadere s\u00fa chr\u00e1nen\u00e9 pre leskl\u00e9, zdrav\u0161ie vyzeraj\u00face vlasy.<\/p>\n<p>Hydrata\u010dn\u00e1 farebn\u00e1 \u00faprava na zintenz\u00edvnenie &amp; zv\u00fd\u0161enie prirodzen\u00e9ho &amp; farebn\u00e9 \u010derven\u00e9 vlasy.<\/p>\n<p>Vhodn\u00e9 pre prirodzen\u00e9 \u010derven\u00e9 hlavy, ktor\u00e9 poskytuj\u00fa okam\u017eit\u00fa \u017eiarivos\u0165 a pre t\u00fdch, ktor\u00ed chc\u00fa intenisfy \u010derven\u00fa farbu vlasov, ktor\u00e1 sa \u010dasom otupila.<\/p>\n<p><strong>Natures Active \u2013 V\u00fd\u0165a\u017eok z \u010dere\u0161n\u00ed<\/strong><\/p>\n<p><strong>V\u00f4\u0148a \u2013 Kuzu<\/strong><\/p>\n<p>Obsahuje extrakt z \u010dere\u0161ne, t\u00e1to Chroma zv\u00fd\u0161i vyblednut\u00e9 \u010derven\u00e9 z\u00e1mky alebo prid\u00e1 \u017eiariv\u00fd \u010derven\u00fd odtie\u0148 hned\u00fdm vlasom pre silnej\u0161iu, dlh\u0161iu a trval\u00fa farbu, ktor\u00e1 odol\u00e1va zmytiu.<\/p>\n<h3><strong>Ako pou\u017e\u00edva\u0165 Davroe Cherry Red Chroma Toner<\/p>\n<p><\/strong><\/h3>\n<p>Po umyt\u00ed vlasov \u0161amp\u00f3nom <a href=\"https:\/\/www.davroe.com\/shop\/remedy\/clarify-deep-cleansing-shampoo-200ml\/\" target=\"_blank\" rel=\"noopener noreferrer\">Davroe Clarify \u0160amp\u00f3n na h\u013abkov\u00e9 \u010distenie<\/a>o, stla\u010di\u0165 vlasy odstr\u00e1ni\u0165 prebyto\u010dn\u00fa vodu, alebo, pre najlep\u0161ie v\u00fdsledky, uter\u00e1k such\u00e9. Na rezan\u00e9 vlasy naneste rovnomerne a vo\u013ene, d\u00f4kladne po\u0165ahujte a pracujte od kore\u0148ov a\u017e po konce. Nechajte na vlasoch po dobu 3-7 min\u00fat. Opl\u00e1chnite a sledujte svoj ob\u013e\u00faben\u00fd kondicion\u00e9r Davroe.<\/p>\n<p>&nbsp;<\/p>\n<p><img loading=\"lazy\" decoding=\"async\" class=\"aligncenter wp-image-29498 size-full\" src=\"https:\/\/www.davroe.com\/wp-content\/uploads\/2021\/08\/Davroe-Chroma-Colour-Cherry-Red-200ml-Group-3462-1080x1080-1.jpg\" alt=\"\" width=\"1080\" height=\"1080\" \/><\/p>\n<p><img loading=\"lazy\" decoding=\"async\" class=\"aligncenter wp-image-29495 size-full\" src=\"https:\/\/www.davroe.com\/wp-content\/uploads\/2021\/08\/Davroe-Chroma-Colour-Cherry-Red-200ml-3462-1080x1080-1.png\" alt=\"Davroe-Chroma-Colour-Cherry-Red-200ml-3462-1080x1080\" width=\"2000\" height=\"2000\" \/><\/p>","protected":false},"excerpt":{"rendered":"<h2><strong>Davroe Chroma <b>\u010cere\u0161\u0148ov\u00fd \u010derven\u00fd toner<\/p>\n<p><\/b><\/strong><\/h2>\n<h2>Hydrata\u010dn\u00e1 farebn\u00e1 \u00faprava na zintenz\u00edvnenie &amp; zlep\u0161enie prirodzen\u00e9ho &amp; farebn\u00e9 \u010derven\u00e9 vlasy<\/h2>\n<ul>\n<li>Obsahuj\u00fa austr\u00e1lsku pr\u00edrodn\u00fa rastlinu &amp; v\u00fd\u0165a\u017eky z kvetov<\/li>\n<li>Farebn\u00e1 \u00faprava bohat\u00e1 na vlhkos\u0165, formulovan\u00e1 tak, aby jemne ukladala pigment na vlasy<\/li>\n<li>Chroma inf\u00fazie ka\u017ed\u00fd prame\u0148 s podporou hydrat\u00e1cie, ktor\u00e9 pom\u00e1haj\u00fa obnovi\u0165 vlhkos\u0165 zanech\u00e1va vlasy v lep\u0161om stave ako pred aplik\u00e1ciou<\/li>\n<li>Bez obsahu silik\u00f3nu<\/li>\n<li>Sulf\u00e1t &amp; Paraben zadarmo<\/li>\n<li>Farebn\u00e1 ochrana komplex<\/li>\n<\/ul>","protected":false},"featured_media":25166,"comment_status":"open","ping_status":"closed","template":"","meta":{"_acf_changed":false},"product_brand":[],"product_cat":[28,30],"product_tag":[],"class_list":{"0":"post-25060","1":"product","2":"type-product","3":"status-publish","4":"has-post-thumbnail","6":"product_cat-chroma","7":"product_cat-chroma-toners","8":"description-off","10":"first","11":"instock","12":"featured","13":"taxable","14":"shipping-taxable","15":"purchasable","16":"product-type-simple"},"acf":[],"_links":{"self":[{"href":"https:\/\/davroe.sk\/sk\/wp-json\/wp\/v2\/product\/25060","targetHints":{"allow":["GET"]}}],"collection":[{"href":"https:\/\/davroe.sk\/sk\/wp-json\/wp\/v2\/product"}],"about":[{"href":"https:\/\/davroe.sk\/sk\/wp-json\/wp\/v2\/types\/product"}],"replies":[{"embeddable":true,"href":"https:\/\/davroe.sk\/sk\/wp-json\/wp\/v2\/comments?post=25060"}],"wp:featuredmedia":[{"embeddable":true,"href":"https:\/\/davroe.sk\/sk\/wp-json\/wp\/v2\/media\/25166"}],"wp:attachment":[{"href":"https:\/\/davroe.sk\/sk\/wp-json\/wp\/v2\/media?parent=25060"}],"wp:term":[{"taxonomy":"product_brand","embeddable":true,"href":"https:\/\/davroe.sk\/sk\/wp-json\/wp\/v2\/product_brand?post=25060"},{"taxonomy":"product_cat","embeddable":true,"href":"https:\/\/davroe.sk\/sk\/wp-json\/wp\/v2\/product_cat?post=25060"},{"taxonomy":"product_tag","embeddable":true,"href":"https:\/\/davroe.sk\/sk\/wp-json\/wp\/v2\/product_tag?post=25060"}],"curies":[{"name":"wp","href":"https:\/\/api.w.org\/{rel}","templated":true}]}}