{"id":25061,"date":"2024-04-26T07:35:07","date_gmt":"2024-04-26T06:35:07","guid":{"rendered":"https:\/\/davroe.sk\/?post_type=product&#038;p=25061"},"modified":"2025-10-16T05:05:43","modified_gmt":"2025-10-16T04:05:43","slug":"davroe-chroma-clear-gloss","status":"publish","type":"product","link":"https:\/\/davroe.sk\/sk\/shop\/chroma\/chroma-toners\/davroe-chroma-clear-gloss\/","title":{"rendered":"Clear Gloss Treatment Starostlivos\u0165 pre \u017eiariv\u00fd lesk vlasov"},"content":{"rendered":"<h2><strong>Clear Gloss Treatment Starostlivos\u0165 pre \u017eiariv\u00fd lesk vlasov<\/strong><\/h2>\n<h3><strong>Hydrata\u010dn\u00e9 o\u0161etrenie na pridanie osvet\u013euj\u00faceho vysok\u00e9ho lesku alebo prisp\u00f4sobenie pigmentu farebn\u00fdch o\u0161etren\u00ed<\/strong><\/h3>\n<p>Toner Clear Gloss Chroma, obohaten\u00fd o olej Evening Primrose, dod\u00e1va lesk a akt\u00edvne vyhladzuje, detangles a podmienky pre v\u0161etky typy vlasov pre zdrav\u0161ie vyzeraj\u00face vlasy.<\/p>\n<p><strong>DAVROE Clear Gloss Chroma<\/strong> m\u00f4\u017ee by\u0165 pou\u017eit\u00fd samostatne prida\u0165 vysok\u00fd lesk na vlasy, pri\u010dom je hladk\u00fd a hodv\u00e1bny, alebo zmie\u0161an\u00fd s va\u0161imi ob\u013e\u00faben\u00fdmi <a href=\"https:\/\/www.davroe.com\/product-category\/chroma\/\" target=\"_blank\" rel=\"noopener\">DAVROE Chroma Farba<\/a> na zriedenie intenzity a vytvorenie dokonal\u00e9ho pastelov\u00e9ho odtie\u0148a.<\/p>\n<p>Zlep\u0161uje tie\u017e stav vlasov zn\u00ed\u017een\u00edm l\u00e1mania vlasov a oderu kutikuly sp\u00f4soben\u00e9ho mechanick\u00fdmi stresormi.<\/p>\n<p>The <a href=\"https:\/\/www.davroe.com\/product-category\/chroma\/\"><strong>DAVROE Chroma<\/strong><\/a> Rad Zlep\u0161uje pevnos\u0165 vlasov, zatia\u013e \u010do prid\u00e1va vlhkos\u0165. Obsahuje pr\u00edrodn\u00e9 rastlinn\u00e9 a kvetinov\u00e9 extrakty a je 100% Veg\u00e1nsky priate\u013esk\u00fd. 100% Austr\u00e1l\u010dan vyroben\u00fd a vlastnen\u00fd. Obsahuje n\u00e1\u0161 jedine\u010dn\u00fd komplex Colour Protect \u2013 ochrana farby je \u0161etrn\u00e1 k vlasom a poko\u017eke hlavy.<\/p>\n<h3><strong>Ako pou\u017e\u00edva\u0165 CHROMA CLEAR GLOSS TONER o\u0161etrenie<\/p>\n<p><\/strong><\/h3>\n<p>Po \u0161amp\u00f3novan\u00ed vlasov \u0161amp\u00f3nom Davroe Clarify Deep Cleansing Shampoo vytla\u010dte vlasy, aby ste odstr\u00e1nili prebyto\u010dn\u00fa vodu, alebo, pre najlep\u0161ie v\u00fdsledky, uter\u00e1k such\u00fd.<\/p>\n<p>Na rezan\u00e9 vlasy naneste rovnomerne a vo\u013ene, d\u00f4kladne po\u0165ahujte a pracujte od kore\u0148ov a\u017e po konce. Nechajte na vlasoch po dobu 3-7 min\u00fat. Opl\u00e1chnite a sledujte svoj ob\u013e\u00faben\u00fd kondicion\u00e9r Davroe.<\/p>\n<h4><strong>Pr\u00edroda akt\u00edvna \u2013 olej z pupalky siatej<\/strong><\/h4>\n<h4><strong>V\u00f4\u0148a \u2013 Kuzu<\/strong><\/h4>\n<p>&nbsp;<\/p>\n<p><img loading=\"lazy\" decoding=\"async\" class=\"wp-image-31861 size-large\" src=\"https:\/\/www.davroe.com\/wp-content\/uploads\/2021\/08\/Davroe-Chroma-Clear-Gloss-Group-1080x1080-1-1024x1024.jpg\" alt=\"Davroe-Chroma-Clear-Gloss-Group-1080x1080\" width=\"1024\" height=\"1024\" \/><\/p>\n<p>&nbsp;<\/p>\n<p>&nbsp;<\/p>","protected":false},"excerpt":{"rendered":"<h2><strong>Davroe Chroma <b>\u010cist\u00fd lesk Toner<\/p>\n<p><\/b><\/strong><\/h2>\n<h3><strong>Hydrata\u010dn\u00e9 o\u0161etrenie na pridanie osvet\u013euj\u00faceho vysok\u00e9ho lesku alebo prisp\u00f4sobenie pigmentu farebn\u00fdch o\u0161etren\u00ed<\/strong><\/h3>\n<ul>\n<li>Obsahuje austr\u00e1lsku pr\u00edrodn\u00fa rastlinu a amp; v\u00fd\u0165a\u017eky z kvetov \u2013 ve\u010dern\u00e1 prvosienky<\/li>\n<li>Vlhkos\u0165 Bohat\u00e9 Farebn\u00e9 o\u0161etrenie a tonery, formulovan\u00e9 tak, aby jemne ukladali pigment na vlasy<\/li>\n<li>Chroma inf\u00fazie ka\u017ed\u00fd prame\u0148 s podporou hydrat\u00e1cie, ktor\u00e9 pom\u00e1haj\u00fa obnovi\u0165 vlhkos\u0165 zanech\u00e1va vlasy v lep\u0161om stave ako pred aplik\u00e1ciou<\/li>\n<li>Bez obsahu silik\u00f3nu<\/li>\n<li>Sulf\u00e1t &amp; Paraben zadarmo<\/li>\n<li>Obsahuje komplex ochrany farieb<\/li>\n<\/ul>","protected":false},"featured_media":25169,"comment_status":"open","ping_status":"closed","template":"","meta":{"_acf_changed":false},"product_brand":[],"product_cat":[28,30],"product_tag":[],"class_list":{"0":"post-25061","1":"product","2":"type-product","3":"status-publish","4":"has-post-thumbnail","6":"product_cat-chroma","7":"product_cat-chroma-toners","8":"description-off","10":"first","11":"instock","12":"taxable","13":"shipping-taxable","14":"purchasable","15":"product-type-simple"},"acf":[],"_links":{"self":[{"href":"https:\/\/davroe.sk\/sk\/wp-json\/wp\/v2\/product\/25061","targetHints":{"allow":["GET"]}}],"collection":[{"href":"https:\/\/davroe.sk\/sk\/wp-json\/wp\/v2\/product"}],"about":[{"href":"https:\/\/davroe.sk\/sk\/wp-json\/wp\/v2\/types\/product"}],"replies":[{"embeddable":true,"href":"https:\/\/davroe.sk\/sk\/wp-json\/wp\/v2\/comments?post=25061"}],"wp:featuredmedia":[{"embeddable":true,"href":"https:\/\/davroe.sk\/sk\/wp-json\/wp\/v2\/media\/25169"}],"wp:attachment":[{"href":"https:\/\/davroe.sk\/sk\/wp-json\/wp\/v2\/media?parent=25061"}],"wp:term":[{"taxonomy":"product_brand","embeddable":true,"href":"https:\/\/davroe.sk\/sk\/wp-json\/wp\/v2\/product_brand?post=25061"},{"taxonomy":"product_cat","embeddable":true,"href":"https:\/\/davroe.sk\/sk\/wp-json\/wp\/v2\/product_cat?post=25061"},{"taxonomy":"product_tag","embeddable":true,"href":"https:\/\/davroe.sk\/sk\/wp-json\/wp\/v2\/product_tag?post=25061"}],"curies":[{"name":"wp","href":"https:\/\/api.w.org\/{rel}","templated":true}]}}