{"id":25302,"date":"2025-01-31T04:36:43","date_gmt":"2025-01-31T03:36:43","guid":{"rendered":"https:\/\/davroe.sk\/?post_type=product&#038;p=25302"},"modified":"2025-10-16T05:05:46","modified_gmt":"2025-10-16T04:05:46","slug":"fabricate-dry-texture-spray","status":"publish","type":"product","link":"https:\/\/davroe.sk\/sk\/shop\/styling\/fabricate-dry-texture-spray\/","title":{"rendered":"Fabricate Texture Spray Sprej na objem a text\u00faru vlasov"},"content":{"rendered":"<h2><strong>Vytv\u00e1rajte a vytv\u00e1rajte such\u00fa text\u00faru bez n\u00e1mahy pre telo, objem a zdvih<\/strong><\/h2>\n<p>Tento sprej DAVROE Fabricate zosil\u0148uje such\u00fa text\u00faru, vytv\u00e1ra \u00fa\u017easn\u00fd objem, dr\u017e\u00ed a zanech\u00e1va vlasy matn\u00e9,<\/p>\n<p>Bez ak\u00fdchko\u013evek zvy\u0161kov. Vytvoren\u00fd s extraktom Kakadu Plum, Fabricate m\u00e1 schopnos\u0165 prida\u0165 prirodzen\u00fa, \u017eiv\u00fa text\u00faru, zatia\u013e \u010do zanech\u00e1va vlasy pocit \u010distoty a \u010derstvo \u0161tylizovan\u00e9.<\/p>\n<p>Pokyny: Dr\u017ete pribli\u017ene 20 cm od such\u00fdch vlasov. Sprej Vyr\u00e1bajte tam, kde potrebujete objem a text\u00faru. Pou\u017e\u00edvajte produkt pod\u013ea potreby, aby ste dosiahli po\u017eadovan\u00fd pocit a dokon\u010denie.<\/p>\n<h4><strong>Vyroben\u00e9 ide nad r\u00e1mec text\u00fary, \u010do v\u00e1\u0161 celkov\u00fd vzh\u013ead o\u017eiv\u00ed s pridan\u00fdm telom a defin\u00edciou.<\/strong><\/h4>\n<h2><strong>D\u00f4vody, pre\u010do budete milova\u0165 Fabricate<\/strong><\/h2>\n<p>\u00a5 Aeros\u00f3lov\u00fd stylingov\u00fd sprej, ktor\u00fd <strong>vytv\u00e1ra bez n\u00e1mahy such\u00fa text\u00faru pre telo, objem a zdvih.<\/strong><\/p>\n<p>\u00a5 Vrstvy \u013eahko pre <strong>zostavite\u013en\u00e1 text\u00fara<\/strong>.<\/p>\n<p>\u00a5 <span style=\"text-decoration: underline\">Kefy \u013eahko vyte\u010d\u00fa<\/span> Bez nepr\u00edjemn\u00e9ho pocitu.<\/p>\n<p>Pokro\u010dil\u00e9 stylingov\u00e9 \u010dinidl\u00e1 poskytuj\u00fa dr\u017eanie, objem a text\u00faru, ktor\u00e9 sa daj\u00fa \u013eahko prepracova\u0165,<\/p>\n<p>\u00a5 <strong>Kondiciona\u010dn\u00e9 \u010dinidl\u00e1 na rastlinnej b\u00e1ze<\/strong> a zvlh\u010dova\u010de zvy\u0161uj\u00fa objem a z\u00e1rove\u0148 zanech\u00e1vaj\u00fa vlasy svie\u017ee a \u010dist\u00e9.<\/p>\n<p>\u00a5<strong> \u013dahk\u00fd sprej<\/strong> Je vhodn\u00fd pre v\u0161etky typy vlasov.<\/p>\n<p>\u00a5 bohat\u00e9 na \u017eiviny <strong>v\u00fd\u0165a\u017eok zo sliviek Kakadu,<\/strong> chr\u00e1ni vlasy pred po\u0161koden\u00edm a z\u00e1rove\u0148 ich hydratuje, aby zanechali matn\u00e9, hrub\u00e9 vlasy hodv\u00e1bne a leskl\u00e9.<\/p>\n<h4><strong>Na dosiahnutie najlep\u0161\u00edch v\u00fdsledkov dr\u017ete DAVROE Fabricate \u2013<\/strong> Such\u00e1 text\u00fara Sprej pribli\u017ene 20 cm zo such\u00fdch vlasov. Sprej Fabricate, kde si prajete objem a text\u00faru.<\/h4>\n<h4>Prisp\u00f4sobte si svoj \u0161t\u00fdl pomocou produktu pod\u013ea potreby, aby ste dosiahli po\u017eadovan\u00fd pocit a dokon\u010denie.<\/h4>\n<p>&nbsp;<\/p>\n<p><img loading=\"lazy\" decoding=\"async\" class=\"aligncenter wp-image-42928\" src=\"https:\/\/www.davroe.com\/wp-content\/uploads\/2024\/02\/Davroe_Fabricate_DryTextureSpraySpray_3612_Hand.jpg\" alt=\"Dr\u017ete pribli\u017ene 20 cm od such\u00fdch vlasov. Sprej Vyr\u00e1bajte tam, kde potrebujete objem a text\u00faru. Pou\u017e\u00edvajte produkt pod\u013ea potreby, aby ste dosiahli po\u017eadovan\u00fd pocit a dokon\u010denie.\" width=\"755\" height=\"755\" \/><\/p>","protected":false},"excerpt":{"rendered":"<h2><strong>Vytv\u00e1rajte a vytv\u00e1rajte such\u00fa text\u00faru bez n\u00e1mahy pre telo, objem a zdvih.<\/strong><\/h2>\n<h4><strong>Vyroben\u00e9 ide nad r\u00e1mec text\u00fary, \u010do v\u00e1\u0161 celkov\u00fd vzh\u013ead o\u017eiv\u00ed s pridan\u00fdm telom a defin\u00edciou.<\/strong><\/h4>\n<ul>\n<li>Sprej na styling aeros\u00f3lu<\/li>\n<li>vytv\u00e1ra bez n\u00e1mahy such\u00fa text\u00faru pre telo, objem a zdvih.<\/li>\n<li>Vrstvy \u013eahko zostavite\u013en\u00e9 text\u00fary.<\/li>\n<li>Kefy sa \u013eahko vy\u010distia bez nepr\u00edjemn\u00e9ho pocitu.<\/li>\n<li>\u013dahk\u00fd sprej je vhodn\u00fd pre v\u0161etky typy vlasov.<\/li>\n<li>Obsahuje v\u00fd\u0165a\u017eok zo sliviek Kakadu bohat\u00fdch na \u017eiviny<\/li>\n<\/ul>\n<h4><strong><em>Sprej Vyr\u00e1bajte tam, kde potrebujete objem a text\u00faru. Pou\u017e\u00edvajte produkt pod\u013ea potreby, aby ste dosiahli po\u017eadovan\u00fd pocit a dokon\u010denie.<\/em><\/strong><\/h4>\n<h4><strong>\u00ca<\/strong><\/h4>","protected":false},"featured_media":25314,"comment_status":"open","ping_status":"closed","template":"","meta":{"_acf_changed":false},"product_brand":[],"product_cat":[67],"product_tag":[],"class_list":{"0":"post-25302","1":"product","2":"type-product","3":"status-publish","4":"has-post-thumbnail","6":"product_cat-styling","7":"description-off","9":"first","10":"instock","11":"featured","12":"taxable","13":"shipping-taxable","14":"purchasable","15":"product-type-simple"},"acf":[],"_links":{"self":[{"href":"https:\/\/davroe.sk\/sk\/wp-json\/wp\/v2\/product\/25302","targetHints":{"allow":["GET"]}}],"collection":[{"href":"https:\/\/davroe.sk\/sk\/wp-json\/wp\/v2\/product"}],"about":[{"href":"https:\/\/davroe.sk\/sk\/wp-json\/wp\/v2\/types\/product"}],"replies":[{"embeddable":true,"href":"https:\/\/davroe.sk\/sk\/wp-json\/wp\/v2\/comments?post=25302"}],"wp:featuredmedia":[{"embeddable":true,"href":"https:\/\/davroe.sk\/sk\/wp-json\/wp\/v2\/media\/25314"}],"wp:attachment":[{"href":"https:\/\/davroe.sk\/sk\/wp-json\/wp\/v2\/media?parent=25302"}],"wp:term":[{"taxonomy":"product_brand","embeddable":true,"href":"https:\/\/davroe.sk\/sk\/wp-json\/wp\/v2\/product_brand?post=25302"},{"taxonomy":"product_cat","embeddable":true,"href":"https:\/\/davroe.sk\/sk\/wp-json\/wp\/v2\/product_cat?post=25302"},{"taxonomy":"product_tag","embeddable":true,"href":"https:\/\/davroe.sk\/sk\/wp-json\/wp\/v2\/product_tag?post=25302"}],"curies":[{"name":"wp","href":"https:\/\/api.w.org\/{rel}","templated":true}]}}