{"id":25303,"date":"2025-01-31T04:36:43","date_gmt":"2025-01-31T03:36:43","guid":{"rendered":"https:\/\/davroe.sk\/?post_type=product&#038;p=25303"},"modified":"2025-10-16T05:05:46","modified_gmt":"2025-10-16T04:05:46","slug":"fusion-power-of-three","status":"publish","type":"product","link":"https:\/\/davroe.sk\/sk\/shop\/cleanse\/fusion-power-of-three\/","title":{"rendered":"Fusion Power of Three Tri v jednom, \u0161amp\u00f3n, kondicion\u00e9r, maska"},"content":{"rendered":"<h2>Jeden krok k o\u010disteniu, v\u00fd\u017eive &amp; Stav.<\/h2>\n<p>Power of Three je jedine\u010dn\u00e9 v\u0161etko v jednom um\u00fdvan\u00ed, formulovan\u00e9 tak, aby vlasy zostali \u010dist\u00e9, vy\u017eiven\u00e9 a kondicionovan\u00e9. Odstra\u0148uje nahromadenie oleja a produktov, uklad\u00e1 hydrata\u010dn\u00e9 kondiciona\u010dn\u00e9 \u010dinidl\u00e1, bez v\u00e1\u017eenia vlasov alebo zanechania zvy\u0161kov.<\/p>\n<p>Koncentrovan\u00fd baobabov\u00fd extrakt a bambuck\u00e9 maslo hydratuj\u00fa, chr\u00e1nia a posil\u0148uj\u00fa vlasy. Rastlinn\u00e9 kondiciona\u010dn\u00e9 \u010dinidl\u00e1 a zvlh\u010dovadl\u00e1 zvy\u0161uj\u00fa objem a dod\u00e1vaj\u00fa lesk.<\/p>\n<p>Pou\u017eite ho namiesto \u0161amp\u00f3nu a kondicion\u00e9ra, Fusion poskytuje kompletn\u00e9 um\u00fdvanie. Ide\u00e1lne pre \u013eud\u00ed na cest\u00e1ch; pre ru\u0161n\u00e9 r\u00e1na, po telocvi\u010dni a udalosti v kr\u00e1tkom \u010dase.<\/p>\n<h3><strong>Fusion je tie\u017e v\u00e1\u0161 kone\u010dn\u00fd cestovanie trojstup\u0148ov\u00fd syst\u00e9m v jednom!<\/strong><\/h3>\n<p><strong>Sp\u00f4sob pou\u017eitia:<\/strong><\/p>\n<p>Aplikujte na mokr\u00e9 vlasy, pracuj\u00face od kore\u0148a po \u0161pi\u010dku, dobre naneste na korene. Nechajte p\u00f4sobi\u0165 2 min\u00faty, opl\u00e1chnite a pod\u013ea potreby zopakujte. Nie je potrebn\u00e9 dodr\u017eiava\u0165 s kondicion\u00e9rom alebo opl\u00e1chnite o\u0161etrenie.\u00d5<\/p>\n<h3><em><strong>Tip: Fusion, ak v\u00e1\u0161 \u010das \u0161etri\u010d! Ide\u00e1lne pre posil\u0148ov\u0148u ta\u0161ka, udalosti v kr\u00e1tkom \u010dase, dosta\u0165 deti pripraven\u00fd a ru\u0161n\u00e9 r\u00e1no alebo neskor\u00e9 noci.<\/strong><\/em><\/h3>\n<p>&nbsp;<\/p>\n<p><img loading=\"lazy\" decoding=\"async\" class=\"aligncenter wp-image-43155\" src=\"https:\/\/www.davroe.com\/wp-content\/uploads\/2024\/02\/DAVROE_FUSION_HandHoldingBottle-Squeeze.png\" alt=\"\" width=\"659\" height=\"659\" \/><\/p>\n<p>&nbsp;<\/p>","protected":false},"excerpt":{"rendered":"<h3>Jeden krok k o\u010disteniu, v\u00fd\u017eive &amp; Stav<\/h3>\n<ul>\n<li>Odstra\u0148uje olej a produkt vybudova\u0165.<\/li>\n<li>Vklady hydrata\u010dn\u00e9 kondiciona\u010dn\u00e9 \u010dinidl\u00e1<\/li>\n<li>Nev\u00e1\u017ei vlasy dole<\/li>\n<li>Nezanech\u00e1va zvy\u0161ky<\/li>\n<li>Koncentrovan\u00fd baobabov\u00fd extrakt a bambuck\u00e9 maslo hydratuj\u00fa, chr\u00e1nia a posil\u0148uj\u00fa vlasy.<\/li>\n<li>Rastlinn\u00e9 kondiciona\u010dn\u00e9 \u010dinidl\u00e1 a zvlh\u010dovadl\u00e1 zvy\u0161uj\u00fa objem a dod\u00e1vaj\u00fa lesk.<\/li>\n<li>Pou\u017e\u00edvajte ho namiesto \u0161amp\u00f3nu a kondicion\u00e9ru.<\/li>\n<li>Fusion poskytuje kompletn\u00e9 umytie.<\/li>\n<\/ul>\n<h4><strong>Ide\u00e1lne pre \u013eud\u00ed na cest\u00e1ch; pre ru\u0161n\u00e9 r\u00e1na, po telocvi\u010dni a udalosti v kr\u00e1tkom \u010dase.<\/strong><\/h4>","protected":false},"featured_media":25317,"comment_status":"open","ping_status":"closed","template":"","meta":{"_acf_changed":false},"product_brand":[],"product_cat":[128],"product_tag":[],"class_list":{"0":"post-25303","1":"product","2":"type-product","3":"status-publish","4":"has-post-thumbnail","6":"product_cat-cleanse","7":"description-off","9":"first","10":"instock","11":"featured","12":"taxable","13":"shipping-taxable","14":"purchasable","15":"product-type-simple"},"acf":[],"_links":{"self":[{"href":"https:\/\/davroe.sk\/sk\/wp-json\/wp\/v2\/product\/25303","targetHints":{"allow":["GET"]}}],"collection":[{"href":"https:\/\/davroe.sk\/sk\/wp-json\/wp\/v2\/product"}],"about":[{"href":"https:\/\/davroe.sk\/sk\/wp-json\/wp\/v2\/types\/product"}],"replies":[{"embeddable":true,"href":"https:\/\/davroe.sk\/sk\/wp-json\/wp\/v2\/comments?post=25303"}],"wp:featuredmedia":[{"embeddable":true,"href":"https:\/\/davroe.sk\/sk\/wp-json\/wp\/v2\/media\/25317"}],"wp:attachment":[{"href":"https:\/\/davroe.sk\/sk\/wp-json\/wp\/v2\/media?parent=25303"}],"wp:term":[{"taxonomy":"product_brand","embeddable":true,"href":"https:\/\/davroe.sk\/sk\/wp-json\/wp\/v2\/product_brand?post=25303"},{"taxonomy":"product_cat","embeddable":true,"href":"https:\/\/davroe.sk\/sk\/wp-json\/wp\/v2\/product_cat?post=25303"},{"taxonomy":"product_tag","embeddable":true,"href":"https:\/\/davroe.sk\/sk\/wp-json\/wp\/v2\/product_tag?post=25303"}],"curies":[{"name":"wp","href":"https:\/\/api.w.org\/{rel}","templated":true}]}}