{"id":25310,"date":"2025-01-31T04:36:44","date_gmt":"2025-01-31T03:36:44","guid":{"rendered":"https:\/\/davroe.sk\/?post_type=product&#038;p=25310"},"modified":"2025-10-16T05:05:47","modified_gmt":"2025-10-16T04:05:47","slug":"scalp-remedy-spa-micellar-cleansing-oil","status":"publish","type":"product","link":"https:\/\/davroe.sk\/sk\/shop\/remedy\/spa\/scalp-remedy-spa-micellar-cleansing-oil\/","title":{"rendered":"Scalp Remedy Spa micel\u00e1rny \u010distiaci olej"},"content":{"rendered":"<h2><strong>Scalp Remedy Spa micel\u00e1rny \u010distiaci olej<\/strong><\/h2>\n<h3><strong>Omladzuj\u00face pre o\u010disti\u0165 poko\u017eku hlavy o\u0161etrenie jemne objasni\u0165 poko\u017eku hlavy.<\/strong><\/h3>\n<p>Preme\u0148te svoju rutinn\u00fa starostlivos\u0165 o poko\u017eku hlavy s <strong>DAVROE Scalp Remedy Spa micel\u00e1rny \u010distiaci olej<\/strong>, omladzuj\u00face pred\u010distiace o\u0161etrenie ur\u010den\u00e9 na jemn\u00e9 vyjasnenie a osvie\u017eenie poko\u017eky hlavy.<\/p>\n<p><strong>Hlavn\u00e9 v\u00fdhody:<\/strong><\/p>\n<ul>\n<li><strong>Proti lupin\u00e1m<\/strong>: Zacie\u013ete a bojujte proti lupin\u00e1m pre zdrav\u00fa poko\u017eku hlavy bez vlo\u010diek.<\/li>\n<li><strong>H\u013abkov\u00e9 \u010distenie<\/strong>: Odstra\u0148uje ne\u010distoty a nahromadenie, tak\u017ee va\u0161a poko\u017eka hlavy revitalizovan\u00e1.<\/li>\n<li><strong>Hydrat\u00e1cia &amp; Hydrat\u00e1cia<\/strong>: Naplnen\u00e9 v\u00fd\u017eivn\u00fdmi zlo\u017ekami, ktor\u00e9 hydratuj\u00fa a upokojuj\u00fa.<\/li>\n<li><strong>V\u00fd\u017eivn\u00e9<\/strong>: Obohaten\u00fd o ceramidy, olivov\u00fd ovocn\u00fd olej a aminokyseliny na podporu zdravia poko\u017eky hlavy.<\/li>\n<li><strong>Kontrola oleja<\/strong>: Vyv\u00e1\u017ei hladinu oleja pre svie\u017ei, \u010dist\u00fd pocit.<\/li>\n<\/ul>\n<p><strong>Ako pou\u017e\u00edva\u0165:<\/strong> Naneste \u010distiaci olej priamo na poko\u017eku hlavy pomocou pohodlnej trysky 30-60 min\u00fat pred umyt\u00edm. Rozde\u013ete si vlasy na 3-5 \u010dast\u00ed na z\u00e1klade hr\u00fabky. Mierne naklo\u0148te hlavu dozadu a jemne stla\u010dte f\u013ea\u0161u, aby ste d\u00e1vkovali olej z prednej \u010dasti na zadn\u00fa \u010das\u0165 poko\u017eky hlavy. Opakujte pre ka\u017ed\u00fa \u010das\u0165, d\u00f4kladne mas\u00edrujte olej. Pred opl\u00e1chnut\u00edm emulgujte olej vodou, aby ste vytvorili mlie\u010dny \u010distiaci prostriedok a potom ho naneste do vlasov. Opl\u00e1chnite \u00faplne a postupujte pod\u013ea svojho ob\u013e\u00faben\u00e9ho \u0161amp\u00f3nu a kondicion\u00e9ra DAVROE pre dosiahnutie najlep\u0161\u00edch v\u00fdsledkov.<\/p>\n<p><strong>Zlo\u017eky<\/strong>:<\/p>\n<ul>\n<li><strong>Ceramidy<\/strong>: Posilni\u0165 a chr\u00e1ni\u0165 poko\u017eku hlavy.<\/li>\n<li><strong>Olivov\u00fd olej<\/strong>: Bohat\u00e9 na antioxidanty, podporuj\u00face zdrav\u00e9 prostredie poko\u017eky hlavy.<\/li>\n<li><strong>Olivov\u00fd squalane<\/strong>: Hydratuje a zvy\u0161uje pru\u017enos\u0165 poko\u017eky hlavy.<\/li>\n<li><strong>Aminokyseliny<\/strong>: Podporova\u0165 \u0161trukt\u00faru vlasov a zdravie.<\/li>\n<\/ul>\n<p><strong>Pozdvihnite svoj ritu\u00e1l starostlivosti o poko\u017eku hlavy s \u010distiacim olejom DAVROE Scalp Remedy Spa Micellar Cleansing Oil a vychutnajte si omladen\u00fa, vy\u017eiven\u00fa poko\u017eku hlavy!<\/strong><\/p>\n<p>&nbsp;<\/p>","protected":false},"excerpt":{"rendered":"<h2><strong>DAVROE Scalp Remedy Spa micel\u00e1rny \u010distiaci olej<\/strong><\/h2>\n<h3><strong>Omladzuj\u00faci pred\u010distenie vlasovej poko\u017eky o\u0161etrenie jemne objasni\u0165 poko\u017eku hlavy<\/strong><\/h3>\n<p>Za\u017eite dokonal\u00e9 omladenie poko\u017eky hlavy s \u010distiacim olejom DAVROE Scalp Remedy Spa Micellar Cleansing Oil, pred\u010distiacim pr\u00edpravkom ur\u010den\u00fdm na vyjasnenie a vy\u017eivenie poko\u017eky hlavy.<\/p>\n<p><strong>Hlavn\u00e9 v\u00fdhody:<\/strong><\/p>\n<ul>\n<li><strong>Proti lupin\u00e1m<\/strong>: \u00da\u010dinne bojuje proti vlo\u010dk\u00e1m pre zdrav\u0161iu poko\u017eku hlavy.<\/li>\n<li><strong>H\u013abkov\u00e9 \u010distenie<\/strong>: Odstra\u0148uje nahromadenie a ne\u010distoty pre svie\u017ei pocit.<\/li>\n<li><strong>Hydrata\u010dn\u00fd vzorec<\/strong>: Vy\u017eivuje a hydratuje pre trval\u00fa hydrat\u00e1ciu.<\/li>\n<li><strong>Kontrola oleja<\/strong>: Vyv\u00e1\u017ei hladinu oleja, aby sa va\u0161a poko\u017eka hlavy c\u00edtila \u010dist\u00e1 a osvie\u017een\u00e1.<\/li>\n<\/ul>\n<p>Preme\u0148te svoju rutinn\u00fa starostlivos\u0165 o poko\u017eku hlavy e\u0161te dnes!<\/p>","protected":false},"featured_media":25332,"comment_status":"open","ping_status":"closed","template":"","meta":{"_acf_changed":false},"product_brand":[],"product_cat":[84,129],"product_tag":[],"class_list":{"0":"post-25310","1":"product","2":"type-product","3":"status-publish","4":"has-post-thumbnail","6":"product_cat-remedy","7":"product_cat-spa","8":"description-off","10":"first","11":"instock","12":"featured","13":"taxable","14":"shipping-taxable","15":"purchasable","16":"product-type-simple"},"acf":[],"_links":{"self":[{"href":"https:\/\/davroe.sk\/sk\/wp-json\/wp\/v2\/product\/25310","targetHints":{"allow":["GET"]}}],"collection":[{"href":"https:\/\/davroe.sk\/sk\/wp-json\/wp\/v2\/product"}],"about":[{"href":"https:\/\/davroe.sk\/sk\/wp-json\/wp\/v2\/types\/product"}],"replies":[{"embeddable":true,"href":"https:\/\/davroe.sk\/sk\/wp-json\/wp\/v2\/comments?post=25310"}],"wp:featuredmedia":[{"embeddable":true,"href":"https:\/\/davroe.sk\/sk\/wp-json\/wp\/v2\/media\/25332"}],"wp:attachment":[{"href":"https:\/\/davroe.sk\/sk\/wp-json\/wp\/v2\/media?parent=25310"}],"wp:term":[{"taxonomy":"product_brand","embeddable":true,"href":"https:\/\/davroe.sk\/sk\/wp-json\/wp\/v2\/product_brand?post=25310"},{"taxonomy":"product_cat","embeddable":true,"href":"https:\/\/davroe.sk\/sk\/wp-json\/wp\/v2\/product_cat?post=25310"},{"taxonomy":"product_tag","embeddable":true,"href":"https:\/\/davroe.sk\/sk\/wp-json\/wp\/v2\/product_tag?post=25310"}],"curies":[{"name":"wp","href":"https:\/\/api.w.org\/{rel}","templated":true}]}}