{"id":25312,"date":"2025-01-31T04:36:45","date_gmt":"2025-01-31T03:36:45","guid":{"rendered":"https:\/\/davroe.sk\/?post_type=product&#038;p=25312"},"modified":"2025-10-16T05:05:47","modified_gmt":"2025-10-16T04:05:47","slug":"scalp-remedy-spa-overnight-serum","status":"publish","type":"product","link":"https:\/\/davroe.sk\/sk\/shop\/remedy\/spa\/scalp-remedy-spa-overnight-serum\/","title":{"rendered":"Scalp Remedy Spa Overnight Serum No\u010dn\u00e9 s\u00e9rum na poko\u017eku hlavy"},"content":{"rendered":"<h2><strong>Scalp Remedy Spa Overnight Serum No\u010dn\u00e9 s\u00e9rum na poko\u017eku hlavy <\/strong><\/h2>\n<h3><strong>Regenera\u010dn\u00e9 s\u00e9rum, ktor\u00e9 hydratuje, upokojuje a stabilizuje ko\u017en\u00fa bari\u00e9ru na podporu prirodzen\u00e9ho rastu vlasov.\u00ca<\/strong><\/h3>\n<p>Revitalizova\u0165 v\u00e1\u0161 skalp s <strong>DAVROE Scalp Remedy Spa No\u010dn\u00e9 s\u00e9rum<\/strong>. Toto regenera\u010dn\u00e9 s\u00e9rum je \u0161peci\u00e1lne vyvinut\u00e9 tak, aby hydratovalo, upokojovalo a stabilizovalo ko\u017en\u00fa bari\u00e9ru poko\u017eky hlavy a podporovalo prirodzen\u00fd rast vlasov po\u010das sp\u00e1nku.<\/p>\n<p><strong>Hlavn\u00e9 v\u00fdhody:<\/strong><\/p>\n<ul>\n<li><strong>Hlboko hydratuj\u00face<\/strong>: Vyp\u00fa\u0161\u0165a vlhkos\u0165, aby va\u0161a poko\u017eka hlavy zdrav\u00e1 a vy\u017eiven\u00e1.<\/li>\n<li><strong>Upokojuj\u00faci vzorec<\/strong>: Upokojuje podr\u00e1\u017edenie, ide\u00e1lne pre citliv\u00fa poko\u017eku.<\/li>\n<li><strong>V\u00fd\u017eivn\u00e9 pr\u00edsady<\/strong>: Obohaten\u00fd o ceramidy, olivov\u00fd ovocn\u00fd olej a aminokyseliny na podporu zdravia poko\u017eky hlavy.<\/li>\n<li><strong>Jednoduch\u00e1 aplik\u00e1cia<\/strong>: Aplikujte a nechajte cez nocNie je potrebn\u00e9 oplachovanie!<\/li>\n<\/ul>\n<p><strong>Ako pou\u017e\u00edva\u0165:<\/strong> Rozde\u013ete si vlasy na tri \u010dasti pod\u013ea hr\u00fabky. Naklo\u0148te hlavu mierne dozadu a aplikujte kvapku s\u00e9ra na predn\u00fa, stredn\u00fa a zadn\u00fa \u010das\u0165 poko\u017eky hlavy v ka\u017edej \u010dasti. Jemne mas\u00edrujte, aby ste rovnomerne rozlo\u017eili s\u00e9rum.<\/p>\n<p><strong>\u010eal\u0161ie hlavn\u00e9 body:<\/strong><\/p>\n<ul>\n<li><strong>Austr\u00e1lsky Made &amp; Vlastnen\u00e9<\/strong><\/li>\n<li><strong>Certifikovan\u00e1 pr\u00edrodn\u00e1<\/strong><\/li>\n<li><strong>Cruelty-Free &amp; Veg\u00e1n<\/strong><\/li>\n<\/ul>\n<p><strong>Doprajte svojej poko\u017eke hlavy v\u00fd\u017eivu, ktor\u00fa si zasl\u00fa\u017ei, s DAVROE Scalp Remedy Spa Overnight Serum a zobu\u010fte sa, aby ste o\u017eivili zdrav\u00e9 vlasy!<\/strong><\/p>\n<p>&nbsp;<\/p>\n<p>&nbsp;<\/p>","protected":false},"excerpt":{"rendered":"<h2><strong>Scalp Remedy Spa Overnight Serum No\u010dn\u00e9 s\u00e9rum na poko\u017eku hlavy <\/strong><\/h2>\n<h3><strong>Regenera\u010dn\u00e9 s\u00e9rum, ktor\u00e9 hydratuje, upokojuje a stabilizuje ko\u017en\u00fa bari\u00e9ru na podporu prirodzen\u00e9ho rastu vlasov. <\/strong><\/h3>\n<p>Nourish skalp cez noc s DAVROE Scalp Remedy Spa Overnight Serum, regenera\u010dn\u00e9 o\u0161etrenie, ktor\u00e9 hydratuje, upokojuje a podporuje prirodzen\u00fd rast vlasov.<\/p>\n<p><strong>Hlavn\u00e9 v\u00fdhody:<\/strong><\/p>\n<ul>\n<li><strong>Hlboko hydratuj\u00face<\/strong>: Z\u00e1mky vo vlhkosti pre zdrav\u00fa poko\u017eku hlavy.<\/li>\n<li><strong>Upokojuje citlivos\u0165<\/strong>: Upokojuje podr\u00e1\u017edenie, ide\u00e1lne pre citliv\u00fa poko\u017eku.<\/li>\n<li><strong>V\u00fd\u017eivn\u00e9 pr\u00edsady<\/strong>: Balen\u00e9 s ceramidmi a olivov\u00fdm olejom pre optim\u00e1lne zdravie poko\u017eky hlavy.<\/li>\n<li><strong>Nevy\u017eaduje sa oplachovanie<\/strong>: Pohodln\u00e1 aplik\u00e1cia, ktor\u00e1 funguje po\u010das sp\u00e1nku!<\/li>\n<\/ul>\n<p>Doprajte svojej poko\u017eke hlavy v\u00fd\u017eivu, ktor\u00fa si zasl\u00fa\u017ei, s DAVROE Scalp Remedy Spa Overnight Serum a zobu\u010fte sa, aby ste o\u017eivili zdrav\u00e9 vlasy!<\/p>\n<p>&nbsp;<\/p>","protected":false},"featured_media":25335,"comment_status":"open","ping_status":"closed","template":"","meta":{"_acf_changed":false},"product_brand":[],"product_cat":[84,129],"product_tag":[],"class_list":{"0":"post-25312","1":"product","2":"type-product","3":"status-publish","4":"has-post-thumbnail","6":"product_cat-remedy","7":"product_cat-spa","8":"description-off","10":"first","11":"instock","12":"featured","13":"taxable","14":"shipping-taxable","15":"purchasable","16":"product-type-simple"},"acf":[],"_links":{"self":[{"href":"https:\/\/davroe.sk\/sk\/wp-json\/wp\/v2\/product\/25312","targetHints":{"allow":["GET"]}}],"collection":[{"href":"https:\/\/davroe.sk\/sk\/wp-json\/wp\/v2\/product"}],"about":[{"href":"https:\/\/davroe.sk\/sk\/wp-json\/wp\/v2\/types\/product"}],"replies":[{"embeddable":true,"href":"https:\/\/davroe.sk\/sk\/wp-json\/wp\/v2\/comments?post=25312"}],"wp:featuredmedia":[{"embeddable":true,"href":"https:\/\/davroe.sk\/sk\/wp-json\/wp\/v2\/media\/25335"}],"wp:attachment":[{"href":"https:\/\/davroe.sk\/sk\/wp-json\/wp\/v2\/media?parent=25312"}],"wp:term":[{"taxonomy":"product_brand","embeddable":true,"href":"https:\/\/davroe.sk\/sk\/wp-json\/wp\/v2\/product_brand?post=25312"},{"taxonomy":"product_cat","embeddable":true,"href":"https:\/\/davroe.sk\/sk\/wp-json\/wp\/v2\/product_cat?post=25312"},{"taxonomy":"product_tag","embeddable":true,"href":"https:\/\/davroe.sk\/sk\/wp-json\/wp\/v2\/product_tag?post=25312"}],"curies":[{"name":"wp","href":"https:\/\/api.w.org\/{rel}","templated":true}]}}