{"id":25313,"date":"2025-01-31T04:36:45","date_gmt":"2025-01-31T03:36:45","guid":{"rendered":"https:\/\/davroe.sk\/?post_type=product&#038;p=25313"},"modified":"2025-10-16T05:05:47","modified_gmt":"2025-10-16T04:05:47","slug":"scalp-remedy-spa-exfoliating-scrub","status":"publish","type":"product","link":"https:\/\/davroe.sk\/sk\/shop\/remedy\/spa\/scalp-remedy-spa-exfoliating-scrub\/","title":{"rendered":"Scalp Remedy Spa Exfoliating Scrub Exfolia\u010dn\u00fd peeling na poko\u017eku hlavy"},"content":{"rendered":"<h2><strong>Scalp Remedy Spa Exfoliating Scrub Exfolia\u010dn\u00fd peeling na poko\u017eku hlavy<\/p>\n<p><\/strong><\/h2>\n<h3><strong>Hlbok\u00e1 kondicion\u00e1cia peeling jemne exfoliova\u0165 a vy\u010disti\u0165 poko\u017eku hlavy<\/strong><\/h3>\n<p>Revitalizujte svoju poko\u017eku hlavy s na\u0161ou <strong>Scalp Remedy Spa Exfoliating Scrub Exfolia\u010dn\u00fd peeling na poko\u017eku hlavy<\/strong>, ktor\u00e1 je navrhnut\u00e1 tak, aby jemne odlupovala a odstra\u0148ovala ne\u010distoty a z\u00e1rove\u0148 hlboko kondicionovala va\u0161u poko\u017eku. Tento luxusn\u00fd peeling pon\u00faka osvie\u017euj\u00faci \u00fanik od lup\u00edn a sucha, tak\u017ee va\u0161a poko\u017eka hlavy je o\u017eiven\u00e1 a vy\u017eiven\u00e1.<\/p>\n<p><strong>Hlavn\u00e9 v\u00fdhody:<\/strong><\/p>\n<ul>\n<li><strong>Proti lupin\u00e1m<\/strong>: \u00da\u010dinne bojuje proti vlo\u010dk\u00e1m a podporuje zdrav\u00e9 prostredie poko\u017eky hlavy.<\/li>\n<li><strong>H\u013abkov\u00e9 \u010distenie<\/strong>: Odstra\u0148uje nahromadenie a ne\u010distoty pre svie\u017ei, \u010dist\u00fd pocit.<\/li>\n<li><strong>Hydrat\u00e1cia &amp; Hydrat\u00e1cia<\/strong>: Inf\u00fazia vlhkosti, aby sa zabr\u00e1nilo suchu a podr\u00e1\u017edeniu.<\/li>\n<li><strong>V\u00fd\u017eivn\u00e9<\/strong>: Obohaten\u00fd o ceramidy, olivov\u00fd ovocn\u00fd olej a aminokyseliny pre optim\u00e1lne zdravie poko\u017eky hlavy.<\/li>\n<li><strong>Kontrola oleja<\/strong>: Pom\u00e1ha vyv\u00e1\u017ei\u0165 prebyto\u010dn\u00fd olej bez odstr\u00e1nenia prirodzenej vlhkosti.<\/li>\n<\/ul>\n<p><strong>Ide\u00e1lne pre:<\/strong> Citliv\u00e9 typy pleti, ktor\u00e9 h\u013eadaj\u00fa jemn\u00e9, ale \u00fa\u010dinn\u00e9 rie\u0161enie probl\u00e9mov s poko\u017ekou hlavy.<\/p>\n<p><strong>Ako pou\u017e\u00edva\u0165:<\/strong> Po vy\u010disten\u00ed poko\u017eky hlavy ob\u013e\u00faben\u00fdm \u0161amp\u00f3nom Davroe aplikujte peeling priamo na poko\u017eku hlavy pomocou presnej trysky. Rozde\u013ete vlasy na 3-5 \u010dast\u00ed (v z\u00e1vislosti od hr\u00fabky) a za\u010dnite vpredu. Jemne stla\u010dte trubicu, ke\u010f sa pohybujete smerom k zadnej strane, \u010d\u00edm sa zabezpe\u010d\u00ed rovnomern\u00e9 pokrytie. Mas\u00e1\u017e do poko\u017eky hlavy s kon\u010dekmi prstov alebo Davroe Scalp Brush pre lep\u0161iu exfoli\u00e1ciu.<\/p>\n<ul>\n<li><strong>Austr\u00e1lsky Made &amp; Vlastnen\u00e9<\/strong>: Hrdo vyroben\u00e9 v Austr\u00e1lii s najkvalitnej\u0161\u00edmi ingredienciami.<\/li>\n<li><strong>Certifikovan\u00e1 pr\u00edrodn\u00e1<\/strong>: Vyroben\u00e9 z pr\u00edrodn\u00fdch ingredienci\u00ed, ktor\u00fdm m\u00f4\u017eete d\u00f4verova\u0165.<\/li>\n<li><strong>Cruelty-Free &amp; Veg\u00e1n<\/strong>: Na\u0161e v\u00fdrobky nie s\u00fa nikdy testovan\u00e9 na zvierat\u00e1ch a neobsahuj\u00fa \u017eiadne zlo\u017eky \u017eivo\u010d\u00ed\u0161neho p\u00f4vodu.<\/li>\n<\/ul>\n<p><strong>Preme\u0148te svoju rutinn\u00fa starostlivos\u0165 o poko\u017eku hlavy s pr\u00edpravkom Scalp Remedy Spa Exfoliating Scrub\u00d1your key to a healthy, flake-free scalp!<\/strong><\/p>\n<p>&nbsp;<\/p>\n<p>&nbsp;<\/p>\n<p>&nbsp;<\/p>","protected":false},"excerpt":{"rendered":"<h2><strong>Scalp Remedy Spa Exfoliating Scrub Exfolia\u010dn\u00fd peeling na poko\u017eku hlavy<\/p>\n<p><\/strong><\/h2>\n<h3><strong>Hlbok\u00e1 kondicion\u00e1cia peeling jemne exfoliova\u0165 a vy\u010disti\u0165 poko\u017eku hlavy<\/strong><\/h3>\n<p>Zv\u00fd\u0161te svoju rutinu starostlivosti o poko\u017eku hlavy s na\u0161ou <strong>Scalp Remedy Spa Exfoliating Scrub Exfolia\u010dn\u00fd peeling na poko\u017eku hlavy<\/strong>, o\u0161etrenie s hlbokou kondicion\u00e1ciou ur\u010den\u00e9 na \u010distenie a v\u00fd\u017eivu.<\/p>\n<p><strong>Hlavn\u00e9 v\u00fdhody:<\/strong><\/p>\n<ul>\n<li><strong>Proti lupin\u00e1m<\/strong>: \u00da\u010dinne redukuje vlo\u010dky pre zdrav\u0161iu poko\u017eku hlavy.<\/li>\n<li><strong>H\u013abkov\u00e9 \u010distenie<\/strong>: Odstra\u0148uje nahromadenie a ne\u010distoty jemn\u00fdm odlupovan\u00edm.<\/li>\n<li><strong>Hydrat\u00e1cia<\/strong>: Inf\u00fazia vlhkosti upokojuje suchos\u0165 a podr\u00e1\u017edenie.<\/li>\n<li><strong>V\u00fd\u017eivn\u00e9 pr\u00edsady<\/strong>: Balen\u00e9 s ceramidmi a olivov\u00fdm olejom pre optim\u00e1lne zdravie poko\u017eky hlavy.<\/li>\n<li><strong>Vegan &amp; Bez krutosti<\/strong>: Vyroben\u00e9 z pr\u00edrodn\u00fdch surov\u00edn, eticky vyroben\u00e9 v Austr\u00e1lii.<\/li>\n<\/ul>\n<p>Dosiahnite revitalizovan\u00fa, vyv\u00e1\u017een\u00fa poko\u017eku hlavy pri ka\u017edom pou\u017eit\u00ed!<\/p>\n<p>&nbsp;<\/p>","protected":false},"featured_media":25338,"comment_status":"open","ping_status":"closed","template":"","meta":{"_acf_changed":false},"product_brand":[],"product_cat":[84,129],"product_tag":[],"class_list":{"0":"post-25313","1":"product","2":"type-product","3":"status-publish","4":"has-post-thumbnail","6":"product_cat-remedy","7":"product_cat-spa","8":"description-off","10":"first","11":"instock","12":"featured","13":"taxable","14":"shipping-taxable","15":"purchasable","16":"product-type-simple"},"acf":[],"_links":{"self":[{"href":"https:\/\/davroe.sk\/sk\/wp-json\/wp\/v2\/product\/25313","targetHints":{"allow":["GET"]}}],"collection":[{"href":"https:\/\/davroe.sk\/sk\/wp-json\/wp\/v2\/product"}],"about":[{"href":"https:\/\/davroe.sk\/sk\/wp-json\/wp\/v2\/types\/product"}],"replies":[{"embeddable":true,"href":"https:\/\/davroe.sk\/sk\/wp-json\/wp\/v2\/comments?post=25313"}],"wp:featuredmedia":[{"embeddable":true,"href":"https:\/\/davroe.sk\/sk\/wp-json\/wp\/v2\/media\/25338"}],"wp:attachment":[{"href":"https:\/\/davroe.sk\/sk\/wp-json\/wp\/v2\/media?parent=25313"}],"wp:term":[{"taxonomy":"product_brand","embeddable":true,"href":"https:\/\/davroe.sk\/sk\/wp-json\/wp\/v2\/product_brand?post=25313"},{"taxonomy":"product_cat","embeddable":true,"href":"https:\/\/davroe.sk\/sk\/wp-json\/wp\/v2\/product_cat?post=25313"},{"taxonomy":"product_tag","embeddable":true,"href":"https:\/\/davroe.sk\/sk\/wp-json\/wp\/v2\/product_tag?post=25313"}],"curies":[{"name":"wp","href":"https:\/\/api.w.org\/{rel}","templated":true}]}}